{"id":107,"date":"2026-02-20T22:49:17","date_gmt":"2026-02-20T22:49:17","guid":{"rendered":"https:\/\/geonova.com.ar\/?page_id=107"},"modified":"2026-03-04T17:00:08","modified_gmt":"2026-03-04T20:00:08","slug":"nosotros","status":"publish","type":"page","link":"https:\/\/geonova.com.ar\/?page_id=107","title":{"rendered":"Nosotros"},"content":{"rendered":"\t\t<div data-elementor-type=\"wp-page\" data-elementor-id=\"107\" class=\"elementor elementor-107\" data-elementor-post-type=\"page\">\n\t\t\t\t<div class=\"elementor-element elementor-element-71ae2cb e-flex e-con-boxed e-con e-parent\" data-id=\"71ae2cb\" data-element_type=\"container\" data-e-type=\"container\">\n\t\t\t\t\t<div class=\"e-con-inner\">\n\t\t\t\t<div class=\"elementor-element elementor-element-d394cc2 elementor-widget elementor-widget-spacer\" data-id=\"d394cc2\" data-element_type=\"widget\" data-e-type=\"widget\" data-widget_type=\"spacer.default\">\n\t\t\t\t\t\t\t<div class=\"elementor-spacer\">\n\t\t\t<div class=\"elementor-spacer-inner\"><\/div>\n\t\t<\/div>\n\t\t\t\t\t\t<\/div>\n\t\t\t\t\t<\/div>\n\t\t\t\t<\/div>\n\t\t<div class=\"elementor-element elementor-element-ea1632c e-flex e-con-boxed e-con e-parent\" data-id=\"ea1632c\" data-element_type=\"container\" data-e-type=\"container\">\n\t\t\t\t\t<div class=\"e-con-inner\">\n\t\t<div class=\"elementor-element elementor-element-97b508f e-con-full e-flex e-con e-child\" data-id=\"97b508f\" data-element_type=\"container\" data-e-type=\"container\">\n\t\t<div class=\"elementor-element elementor-element-f69058a e-con-full e-flex e-con e-child\" data-id=\"f69058a\" data-element_type=\"container\" data-e-type=\"container\" data-settings=\"{&quot;background_background&quot;:&quot;classic&quot;}\">\n\t\t\t\t<div class=\"elementor-element elementor-element-6cf2ab9 elementor-widget elementor-widget-image-box\" data-id=\"6cf2ab9\" data-element_type=\"widget\" data-e-type=\"widget\" data-widget_type=\"image-box.default\">\n\t\t\t\t\t<div class=\"elementor-image-box-wrapper\"><div class=\"elementor-image-box-content\"><h4 class=\"elementor-image-box-title\">\u00bfQue hacemos?<\/h4><p class=\"elementor-image-box-description\">Acompa\u00f1amos proyectos en distintas etapas . Desde exploraci\u00f3n hasta operaci\u00f3n productiva <br>\n\nOfreciendo soluciones confiables que aseguran continuidad operativa y optimizaci\u00f3n de recursos.<\/p><\/div><\/div>\t\t\t\t<\/div>\n\t\t\t\t<div class=\"elementor-element elementor-element-a78256b elementor-widget elementor-widget-image-box\" data-id=\"a78256b\" data-element_type=\"widget\" data-e-type=\"widget\" data-widget_type=\"image-box.default\">\n\t\t\t\t\t<div class=\"elementor-image-box-wrapper\"><div class=\"elementor-image-box-content\"><h4 class=\"elementor-image-box-title\">\u00bfCapacidad Operativa?<\/h4><p class=\"elementor-image-box-description\">Contamos con una estructura t\u00e9cnica y log\u00edstica preparada para responder con rapidez a los requerimientos de cada proyecto minero.\n<\/p><\/div><\/div>\t\t\t\t<\/div>\n\t\t\t\t<\/div>\n\t\t<div class=\"elementor-element elementor-element-c2cf76e e-con-full e-flex e-con e-child\" data-id=\"c2cf76e\" data-element_type=\"container\" data-e-type=\"container\">\n\t\t\t\t<div class=\"elementor-element elementor-element-2420a48 elementor-widget elementor-widget-image-box\" data-id=\"2420a48\" data-element_type=\"widget\" data-e-type=\"widget\" data-widget_type=\"image-box.default\">\n\t\t\t\t\t<div class=\"elementor-image-box-wrapper\"><div class=\"elementor-image-box-content\"><h4 class=\"elementor-image-box-title\">\u00bfQuienes somos?<\/h4><p class=\"elementor-image-box-description\">Somos una empresa especializada en servicios de apoyo a la producci\u00f3n minera, enfocada en proveer equipamiento y soporte operativo bajo est\u00e1ndares t\u00e9cnicos y de seguridad acordes a la industria.<\/p><\/div><\/div>\t\t\t\t<\/div>\n\t\t\t\t<\/div>\n\t\t\t\t<\/div>\n\t\t\t\t\t<\/div>\n\t\t\t\t<\/div>\n\t\t<div class=\"elementor-element elementor-element-f11587f e-flex e-con-boxed e-con e-parent\" data-id=\"f11587f\" data-element_type=\"container\" data-e-type=\"container\">\n\t\t\t\t\t<div class=\"e-con-inner\">\n\t\t\t\t<div class=\"elementor-element elementor-element-0fb56f5 elementor-widget elementor-widget-spacer\" data-id=\"0fb56f5\" data-element_type=\"widget\" data-e-type=\"widget\" data-widget_type=\"spacer.default\">\n\t\t\t\t\t\t\t<div class=\"elementor-spacer\">\n\t\t\t<div class=\"elementor-spacer-inner\"><\/div>\n\t\t<\/div>\n\t\t\t\t\t\t<\/div>\n\t\t\t\t\t<\/div>\n\t\t\t\t<\/div>\n\t\t\t\t<\/div>\n\t\t","protected":false},"excerpt":{"rendered":"<p>\u00bfQue hacemos? Acompa\u00f1amos proyectos en distintas etapas . Desde exploraci\u00f3n hasta operaci\u00f3n productiva Ofreciendo soluciones confiables que aseguran continuidad operativa y optimizaci\u00f3n de recursos. \u00bfCapacidad Operativa? Contamos con una estructura t\u00e9cnica y log\u00edstica preparada para responder con rapidez a los requerimientos de cada proyecto minero. \u00bfQuienes somos? Somos una empresa especializada en servicios de apoyo [&hellip;]<\/p>\n","protected":false},"author":1,"featured_media":0,"parent":0,"menu_order":0,"comment_status":"closed","ping_status":"closed","template":"","meta":{"footnotes":""},"class_list":["post-107","page","type-page","status-publish","hentry"],"_links":{"self":[{"href":"https:\/\/geonova.com.ar\/index.php?rest_route=\/wp\/v2\/pages\/107","targetHints":{"allow":["GET"]}}],"collection":[{"href":"https:\/\/geonova.com.ar\/index.php?rest_route=\/wp\/v2\/pages"}],"about":[{"href":"https:\/\/geonova.com.ar\/index.php?rest_route=\/wp\/v2\/types\/page"}],"author":[{"embeddable":true,"href":"https:\/\/geonova.com.ar\/index.php?rest_route=\/wp\/v2\/users\/1"}],"replies":[{"embeddable":true,"href":"https:\/\/geonova.com.ar\/index.php?rest_route=%2Fwp%2Fv2%2Fcomments&post=107"}],"version-history":[{"count":5,"href":"https:\/\/geonova.com.ar\/index.php?rest_route=\/wp\/v2\/pages\/107\/revisions"}],"predecessor-version":[{"id":604,"href":"https:\/\/geonova.com.ar\/index.php?rest_route=\/wp\/v2\/pages\/107\/revisions\/604"}],"wp:attachment":[{"href":"https:\/\/geonova.com.ar\/index.php?rest_route=%2Fwp%2Fv2%2Fmedia&parent=107"}],"curies":[{"name":"wp","href":"https:\/\/api.w.org\/{rel}","templated":true}]}}