{"id":77,"date":"2026-02-20T22:36:58","date_gmt":"2026-02-20T22:36:58","guid":{"rendered":"https:\/\/geonova.com.ar\/?page_id=77"},"modified":"2026-03-04T17:13:25","modified_gmt":"2026-03-04T20:13:25","slug":"inicio","status":"publish","type":"page","link":"https:\/\/geonova.com.ar\/","title":{"rendered":"Inicio"},"content":{"rendered":"\t\t<div data-elementor-type=\"wp-post\" data-elementor-id=\"77\" class=\"elementor elementor-77\" data-elementor-post-type=\"page\">\n\t\t\t\t<div class=\"elementor-element elementor-element-22e3174c e-con-full e-flex e-con e-parent\" data-id=\"22e3174c\" data-element_type=\"container\" data-e-type=\"container\" data-settings=\"{&quot;background_background&quot;:&quot;classic&quot;}\">\n\t\t<div class=\"elementor-element elementor-element-5ec148d e-con-full e-flex e-con e-child\" data-id=\"5ec148d\" data-element_type=\"container\" data-e-type=\"container\">\n\t\t\t\t<div class=\"elementor-element elementor-element-3dc4b50 elementor-widget elementor-widget-heading\" data-id=\"3dc4b50\" data-element_type=\"widget\" data-e-type=\"widget\" data-widget_type=\"heading.default\">\n\t\t\t\t\t<h3 class=\"elementor-heading-title elementor-size-default\">GESTI\u00d3N OPERATIVA NODAL VALOR S.R.L<\/h3>\t\t\t\t<\/div>\n\t\t\t\t<\/div>\n\t\t<div class=\"elementor-element elementor-element-b0937dd e-flex e-con-boxed e-con e-child\" data-id=\"b0937dd\" data-element_type=\"container\" data-e-type=\"container\">\n\t\t\t\t\t<div class=\"e-con-inner\">\n\t\t\t\t<div class=\"elementor-element elementor-element-8fddc4f elementor-widget elementor-widget-heading\" data-id=\"8fddc4f\" data-element_type=\"widget\" data-e-type=\"widget\" data-widget_type=\"heading.default\">\n\t\t\t\t\t<h5 class=\"elementor-heading-title elementor-size-default\">Alquileres y soluciones operativas para la Industria Minera<\/h5>\t\t\t\t<\/div>\n\t\t<div class=\"elementor-element elementor-element-d87ed1c e-con-full e-grid e-con e-child\" data-id=\"d87ed1c\" data-element_type=\"container\" data-e-type=\"container\">\n\t\t\t\t<div class=\"elementor-element elementor-element-4cd224c elementor-widget elementor-widget-theme-site-logo elementor-widget-image\" data-id=\"4cd224c\" data-element_type=\"widget\" data-e-type=\"widget\" data-widget_type=\"theme-site-logo.default\">\n\t\t\t\t\t\t\t\t\t\t\t<a href=\"https:\/\/geonova.com.ar\">\n\t\t\t<img fetchpriority=\"high\" decoding=\"async\" width=\"1024\" height=\"1024\" src=\"https:\/\/geonova.com.ar\/wp-content\/uploads\/2026\/02\/logotipo-fondo-transparente.png\" class=\"attachment-full size-full wp-image-238\" alt=\"\" srcset=\"https:\/\/geonova.com.ar\/wp-content\/uploads\/2026\/02\/logotipo-fondo-transparente.png 1024w, https:\/\/geonova.com.ar\/wp-content\/uploads\/2026\/02\/logotipo-fondo-transparente-300x300.png 300w, https:\/\/geonova.com.ar\/wp-content\/uploads\/2026\/02\/logotipo-fondo-transparente-150x150.png 150w, https:\/\/geonova.com.ar\/wp-content\/uploads\/2026\/02\/logotipo-fondo-transparente-768x768.png 768w, https:\/\/geonova.com.ar\/wp-content\/uploads\/2026\/02\/elementor\/thumbs\/logotipo-fondo-transparente-rjgrc61fkigcqtpbqkcf9nss4zwglunxqdl5983mus.png 50w\" sizes=\"(max-width: 1024px) 100vw, 1024px\" \/>\t\t\t\t<\/a>\n\t\t\t\t\t\t\t\t\t\t\t<\/div>\n\t\t\t\t<div class=\"elementor-element elementor-element-f88e0de elementor-widget elementor-widget-heading\" data-id=\"f88e0de\" data-element_type=\"widget\" data-e-type=\"widget\" data-widget_type=\"heading.default\">\n\t\t\t\t\t<h5 class=\"elementor-heading-title elementor-size-default\">Brindamos infraestructura operativa en modalidad rental para proyectos de exploraci\u00f3n, construcci\u00f3n y producci\u00f3n minera, garantizando disponibilidad, seguridad y eficiencia.<\/h5>\t\t\t\t<\/div>\n\t\t\t\t<\/div>\n\t\t\t\t\t<\/div>\n\t\t\t\t<\/div>\n\t\t\t\t<\/div>\n\t\t<div class=\"elementor-element elementor-element-1addb77 e-flex e-con-boxed e-con e-parent\" data-id=\"1addb77\" data-element_type=\"container\" data-e-type=\"container\">\n\t\t\t\t\t<div class=\"e-con-inner\">\n\t\t\t\t<div class=\"elementor-element elementor-element-fa38a03 elementor-widget elementor-widget-spacer\" data-id=\"fa38a03\" data-element_type=\"widget\" data-e-type=\"widget\" data-widget_type=\"spacer.default\">\n\t\t\t\t\t\t\t<div class=\"elementor-spacer\">\n\t\t\t<div class=\"elementor-spacer-inner\"><\/div>\n\t\t<\/div>\n\t\t\t\t\t\t<\/div>\n\t\t\t\t\t<\/div>\n\t\t\t\t<\/div>\n\t\t<div class=\"elementor-element elementor-element-444fc18 e-flex e-con-boxed e-con e-parent\" data-id=\"444fc18\" data-element_type=\"container\" data-e-type=\"container\">\n\t\t\t\t\t<div class=\"e-con-inner\">\n\t\t<div class=\"elementor-element elementor-element-2e2d210 e-con-full e-flex e-con e-child\" data-id=\"2e2d210\" data-element_type=\"container\" data-e-type=\"container\" data-settings=\"{&quot;background_background&quot;:&quot;classic&quot;}\">\n\t\t\t\t<div class=\"elementor-element elementor-element-10fdd16d elementor-widget elementor-widget-image-box\" data-id=\"10fdd16d\" data-element_type=\"widget\" data-e-type=\"widget\" data-widget_type=\"image-box.default\">\n\t\t\t\t\t<div class=\"elementor-image-box-wrapper\"><div class=\"elementor-image-box-content\"><h4 class=\"elementor-image-box-title\">\u00bfQuienes somos?<\/h4><p class=\"elementor-image-box-description\">Somos una empresa especializada en servicios de apoyo a la producci\u00f3n minera, enfocada en proveer equipamiento y soporte operativo bajo est\u00e1ndares t\u00e9cnicos y de seguridad acordes a la industria.<\/p><\/div><\/div>\t\t\t\t<\/div>\n\t\t\t\t<div class=\"elementor-element elementor-element-c2bc78f elementor-widget elementor-widget-image-box\" data-id=\"c2bc78f\" data-element_type=\"widget\" data-e-type=\"widget\" data-widget_type=\"image-box.default\">\n\t\t\t\t\t<div class=\"elementor-image-box-wrapper\"><div class=\"elementor-image-box-content\"><h4 class=\"elementor-image-box-title\">\u00bfQue hacemos?<\/h4><p class=\"elementor-image-box-description\">Acompa\u00f1amos proyectos en distintas etapas . Desde exploraci\u00f3n hasta operaci\u00f3n productiva <br>\n\nOfreciendo soluciones confiables que aseguran continuidad operativa y optimizaci\u00f3n de recursos.<\/p><\/div><\/div>\t\t\t\t<\/div>\n\t\t\t\t<div class=\"elementor-element elementor-element-7be87a39 elementor-widget elementor-widget-image-box\" data-id=\"7be87a39\" data-element_type=\"widget\" data-e-type=\"widget\" data-widget_type=\"image-box.default\">\n\t\t\t\t\t<div class=\"elementor-image-box-wrapper\"><div class=\"elementor-image-box-content\"><h4 class=\"elementor-image-box-title\">\u00bfCapacidad Operativa?<\/h4><p class=\"elementor-image-box-description\">Contamos con una estructura t\u00e9cnica y log\u00edstica preparada para responder con rapidez a los requerimientos de cada proyecto minero.\n<\/p><\/div><\/div>\t\t\t\t<\/div>\n\t\t\t\t<\/div>\n\t\t<div class=\"elementor-element elementor-element-13951b5d e-con-full e-flex e-con e-child\" data-id=\"13951b5d\" data-element_type=\"container\" data-e-type=\"container\">\n\t\t\t\t<div class=\"elementor-element elementor-element-3b7a4ba0 elementor-widget elementor-widget-heading\" data-id=\"3b7a4ba0\" data-element_type=\"widget\" data-e-type=\"widget\" data-widget_type=\"heading.default\">\n\t\t\t\t\t<h4 class=\"elementor-heading-title elementor-size-default\">\u00bfQu\u00e9 nos diferencia en el mercado?<\/h4>\t\t\t\t<\/div>\n\t\t\t\t<div class=\"elementor-element elementor-element-15b0dd65 elementor-widget elementor-widget-text-editor\" data-id=\"15b0dd65\" data-element_type=\"widget\" data-e-type=\"widget\" data-widget_type=\"text-editor.default\">\n\t\t\t\t\t\t\t\t\t<p data-start=\"375\" data-end=\"525\">Operamos bajo est\u00e1ndares de seguridad y mantenimiento preventivo, asegurando disponibilidad real de flota, control operativo y cumplimiento normativo.<\/p><p data-start=\"527\" data-end=\"644\">Nuestra gesti\u00f3n est\u00e1 orientada a minimizar tiempos de inactividad y optimizar recursos en entornos de alta exigencia.<\/p>\t\t\t\t\t\t\t\t<\/div>\n\t\t\t\t<\/div>\n\t\t\t\t\t<\/div>\n\t\t\t\t<\/div>\n\t\t<div class=\"elementor-element elementor-element-b767cb7 e-flex e-con-boxed e-con e-parent\" data-id=\"b767cb7\" data-element_type=\"container\" data-e-type=\"container\">\n\t\t\t\t\t<div class=\"e-con-inner\">\n\t\t\t\t<div class=\"elementor-element elementor-element-4f4408a elementor-widget elementor-widget-spacer\" data-id=\"4f4408a\" data-element_type=\"widget\" data-e-type=\"widget\" data-widget_type=\"spacer.default\">\n\t\t\t\t\t\t\t<div class=\"elementor-spacer\">\n\t\t\t<div class=\"elementor-spacer-inner\"><\/div>\n\t\t<\/div>\n\t\t\t\t\t\t<\/div>\n\t\t\t\t\t<\/div>\n\t\t\t\t<\/div>\n\t\t<div class=\"elementor-element elementor-element-d9c263d e-flex e-con-boxed e-con e-parent\" data-id=\"d9c263d\" data-element_type=\"container\" data-e-type=\"container\">\n\t\t\t\t\t<div class=\"e-con-inner\">\n\t\t<div class=\"elementor-element elementor-element-9a3f712 e-con-full e-flex e-con e-child\" data-id=\"9a3f712\" data-element_type=\"container\" data-e-type=\"container\">\n\t\t<div class=\"elementor-element elementor-element-7f33b5a e-con-full e-flex e-con e-child\" data-id=\"7f33b5a\" data-element_type=\"container\" data-e-type=\"container\">\n\t\t\t\t<div class=\"elementor-element elementor-element-5162f88 elementor-widget elementor-widget-heading\" data-id=\"5162f88\" data-element_type=\"widget\" data-e-type=\"widget\" data-widget_type=\"heading.default\">\n\t\t\t\t\t<h4 class=\"elementor-heading-title elementor-size-default\">Rental \/ Grupos Electr\u00f3genos Di\u00e9sel<\/h4>\t\t\t\t<\/div>\n\t\t\t\t<div class=\"elementor-element elementor-element-73537f4 elementor-widget elementor-widget-text-editor\" data-id=\"73537f4\" data-element_type=\"widget\" data-e-type=\"widget\" data-widget_type=\"text-editor.default\">\n\t\t\t\t\t\t\t\t\t<p>Grupos electr\u00f3genos de distintas potencias para respaldo o suministro continuo de energ\u00eda.<\/p>\t\t\t\t\t\t\t\t<\/div>\n\t\t\t\t<div class=\"elementor-element elementor-element-1d8199d elementor-align-center elementor-widget elementor-widget-button\" data-id=\"1d8199d\" data-element_type=\"widget\" data-e-type=\"widget\" data-widget_type=\"button.default\">\n\t\t\t\t\t\t\t\t\t\t<a class=\"elementor-button elementor-button-link elementor-size-sm\" href=\"https:\/\/geonova.com.ar\/?page_id=298\" target=\"_blank\">\n\t\t\t\t\t\t<span class=\"elementor-button-content-wrapper\">\n\t\t\t\t\t\t\t\t\t<span class=\"elementor-button-text\">Mas Informaci\u00f3n<\/span>\n\t\t\t\t\t<\/span>\n\t\t\t\t\t<\/a>\n\t\t\t\t\t\t\t\t<\/div>\n\t\t\t\t<\/div>\n\t\t<div class=\"elementor-element elementor-element-c3369e4 e-con-full e-flex e-con e-child\" data-id=\"c3369e4\" data-element_type=\"container\" data-e-type=\"container\">\n\t\t\t\t<div class=\"elementor-element elementor-element-3533e62 elementor-widget elementor-widget-heading\" data-id=\"3533e62\" data-element_type=\"widget\" data-e-type=\"widget\" data-widget_type=\"heading.default\">\n\t\t\t\t\t<h4 class=\"elementor-heading-title elementor-size-default\">Rental \/ Livianos<\/h4>\t\t\t\t<\/div>\n\t\t\t\t<div class=\"elementor-element elementor-element-c20d0a9 elementor-widget elementor-widget-text-editor\" data-id=\"c20d0a9\" data-element_type=\"widget\" data-e-type=\"widget\" data-widget_type=\"text-editor.default\">\n\t\t\t\t\t\t\t\t\t<p>Veh\u00edculos 4&#215;4 preparados para operaci\u00f3n en yacimientos, proyectos mineros y obras remotas.<\/p>\t\t\t\t\t\t\t\t<\/div>\n\t\t\t\t<div class=\"elementor-element elementor-element-b12546c elementor-align-center elementor-widget elementor-widget-button\" data-id=\"b12546c\" data-element_type=\"widget\" data-e-type=\"widget\" data-widget_type=\"button.default\">\n\t\t\t\t\t\t\t\t\t\t<a class=\"elementor-button elementor-button-link elementor-size-sm\" href=\"https:\/\/geonova.com.ar\/?page_id=284\" target=\"_blank\">\n\t\t\t\t\t\t<span class=\"elementor-button-content-wrapper\">\n\t\t\t\t\t\t\t\t\t<span class=\"elementor-button-text\">Mas Informaci\u00f3n<\/span>\n\t\t\t\t\t<\/span>\n\t\t\t\t\t<\/a>\n\t\t\t\t\t\t\t\t<\/div>\n\t\t\t\t<\/div>\n\t\t<div class=\"elementor-element elementor-element-af1dac9 e-con-full e-flex e-con e-child\" data-id=\"af1dac9\" data-element_type=\"container\" data-e-type=\"container\">\n\t\t\t\t<div class=\"elementor-element elementor-element-ea335d2 elementor-widget elementor-widget-heading\" data-id=\"ea335d2\" data-element_type=\"widget\" data-e-type=\"widget\" data-widget_type=\"heading.default\">\n\t\t\t\t\t<h4 class=\"elementor-heading-title elementor-size-default\">Rental \/ Semipesados<\/h4>\t\t\t\t<\/div>\n\t\t\t\t<div class=\"elementor-element elementor-element-de2116c elementor-widget elementor-widget-text-editor\" data-id=\"de2116c\" data-element_type=\"widget\" data-e-type=\"widget\" data-widget_type=\"text-editor.default\">\n\t\t\t\t\t\t\t\t\t<p>Camiones con hidrogr\u00faa, equipos de izaje y unidades especiales para operaci\u00f3n industrial.<\/p>\t\t\t\t\t\t\t\t<\/div>\n\t\t\t\t<div class=\"elementor-element elementor-element-ff9ce65 elementor-align-center elementor-widget elementor-widget-button\" data-id=\"ff9ce65\" data-element_type=\"widget\" data-e-type=\"widget\" data-widget_type=\"button.default\">\n\t\t\t\t\t\t\t\t\t\t<a class=\"elementor-button elementor-button-link elementor-size-sm\" href=\"https:\/\/geonova.com.ar\/?page_id=291\" target=\"_blank\">\n\t\t\t\t\t\t<span class=\"elementor-button-content-wrapper\">\n\t\t\t\t\t\t\t\t\t<span class=\"elementor-button-text\">Mas Informaci\u00f3n<\/span>\n\t\t\t\t\t<\/span>\n\t\t\t\t\t<\/a>\n\t\t\t\t\t\t\t\t<\/div>\n\t\t\t\t<\/div>\n\t\t<div class=\"elementor-element elementor-element-491876f e-con-full e-flex e-con e-child\" data-id=\"491876f\" data-element_type=\"container\" data-e-type=\"container\">\n\t\t\t\t<div class=\"elementor-element elementor-element-9d82cea elementor-widget elementor-widget-heading\" data-id=\"9d82cea\" data-element_type=\"widget\" data-e-type=\"widget\" data-widget_type=\"heading.default\">\n\t\t\t\t\t<h4 class=\"elementor-heading-title elementor-size-default\">Rental \/ Soluciones Modulares Adaptadas<\/h4>\t\t\t\t<\/div>\n\t\t\t\t<div class=\"elementor-element elementor-element-037fc0e elementor-widget elementor-widget-text-editor\" data-id=\"037fc0e\" data-element_type=\"widget\" data-e-type=\"widget\" data-widget_type=\"text-editor.default\">\n\t\t\t\t\t\t\t\t\t<p>M\u00f3dulos acondicionados para almacenamiento, oficinas t\u00e9cnicas, talleres m\u00f3viles o soluciones habitacionales temporales.<\/p>\t\t\t\t\t\t\t\t<\/div>\n\t\t\t\t<div class=\"elementor-element elementor-element-052c50a elementor-align-center elementor-widget elementor-widget-button\" data-id=\"052c50a\" data-element_type=\"widget\" data-e-type=\"widget\" data-widget_type=\"button.default\">\n\t\t\t\t\t\t\t\t\t\t<a class=\"elementor-button elementor-button-link elementor-size-sm\" href=\"https:\/\/geonova.com.ar\/?page_id=305\" target=\"_blank\">\n\t\t\t\t\t\t<span class=\"elementor-button-content-wrapper\">\n\t\t\t\t\t\t\t\t\t<span class=\"elementor-button-text\">Mas Informaci\u00f3n<\/span>\n\t\t\t\t\t<\/span>\n\t\t\t\t\t<\/a>\n\t\t\t\t\t\t\t\t<\/div>\n\t\t\t\t<\/div>\n\t\t\t\t<\/div>\n\t\t<div class=\"elementor-element elementor-element-9130e61 e-con-full e-flex e-con e-child\" data-id=\"9130e61\" data-element_type=\"container\" data-e-type=\"container\">\n\t\t\t\t<div class=\"elementor-element elementor-element-b77549e elementor-widget elementor-widget-heading\" data-id=\"b77549e\" data-element_type=\"widget\" data-e-type=\"widget\" data-widget_type=\"heading.default\">\n\t\t\t\t\t<h4 class=\"elementor-heading-title elementor-size-default\">Servicio de Alquiler<\/h4>\t\t\t\t<\/div>\n\t\t\t\t<div class=\"elementor-element elementor-element-4d5619b elementor-widget elementor-widget-spacer\" data-id=\"4d5619b\" data-element_type=\"widget\" data-e-type=\"widget\" data-widget_type=\"spacer.default\">\n\t\t\t\t\t\t\t<div class=\"elementor-spacer\">\n\t\t\t<div class=\"elementor-spacer-inner\"><\/div>\n\t\t<\/div>\n\t\t\t\t\t\t<\/div>\n\t\t\t\t<div class=\"elementor-element elementor-element-df473cc elementor-widget elementor-widget-text-editor\" data-id=\"df473cc\" data-element_type=\"widget\" data-e-type=\"widget\" data-widget_type=\"text-editor.default\">\n\t\t\t\t\t\t\t\t\t<p>Ofrecemos un servicio integral de rental de equipos y m\u00f3dulos operativos para miner\u00eda, energ\u00eda, oil &amp; gas y grandes obras. Disponibilizamos flota liviana y semipesada, contenedores configurados (oficinas, talleres, pa\u00f1oles, habitacionales, sanitarios, comedores) y equipamiento t\u00e9cnico listo para operar en entornos exigentes.<\/p>\t\t\t\t\t\t\t\t<\/div>\n\t\t\t\t<div class=\"elementor-element elementor-element-1e37f10 elementor-widget elementor-widget-text-editor\" data-id=\"1e37f10\" data-element_type=\"widget\" data-e-type=\"widget\" data-widget_type=\"text-editor.default\">\n\t\t\t\t\t\t\t\t\t<p>Nuestro objetivo es que el cliente se concentre en su operaci\u00f3n, mientras nosotros garantizamos disponibilidad, eficiencia y continuidad del servicio.<\/p>\t\t\t\t\t\t\t\t<\/div>\n\t\t\t\t<\/div>\n\t\t\t\t\t<\/div>\n\t\t\t\t<\/div>\n\t\t<div class=\"elementor-element elementor-element-77b389b e-flex e-con-boxed e-con e-parent\" data-id=\"77b389b\" data-element_type=\"container\" data-e-type=\"container\">\n\t\t\t\t\t<div class=\"e-con-inner\">\n\t\t\t\t<div class=\"elementor-element elementor-element-874abda elementor-widget elementor-widget-spacer\" data-id=\"874abda\" data-element_type=\"widget\" data-e-type=\"widget\" data-widget_type=\"spacer.default\">\n\t\t\t\t\t\t\t<div class=\"elementor-spacer\">\n\t\t\t<div class=\"elementor-spacer-inner\"><\/div>\n\t\t<\/div>\n\t\t\t\t\t\t<\/div>\n\t\t\t\t\t<\/div>\n\t\t\t\t<\/div>\n\t\t<div class=\"elementor-element elementor-element-a365e8b e-flex e-con-boxed e-con e-parent\" data-id=\"a365e8b\" data-element_type=\"container\" data-e-type=\"container\">\n\t\t\t\t\t<div class=\"e-con-inner\">\n\t\t<div class=\"elementor-element elementor-element-edf3736 e-con-full e-flex e-con e-child\" data-id=\"edf3736\" data-element_type=\"container\" data-e-type=\"container\" data-settings=\"{&quot;background_background&quot;:&quot;classic&quot;}\">\n\t\t\t\t<div class=\"elementor-element elementor-element-edab4e8 elementor-widget elementor-widget-image-box\" data-id=\"edab4e8\" data-element_type=\"widget\" data-e-type=\"widget\" data-widget_type=\"image-box.default\">\n\t\t\t\t\t<div class=\"elementor-image-box-wrapper\"><div class=\"elementor-image-box-content\"><h4 class=\"elementor-image-box-title\">Nuestro valor agregado<\/h4><p class=\"elementor-image-box-description\">Equipos configurados seg\u00fan requerimientos espec\u00edficos del proyecto. Disponibilidad inmediata y r\u00e1pida movilizaci\u00f3n a campo.\nMantenimiento preventivo y correctivo incluido.<\/p><\/div><\/div>\t\t\t\t<\/div>\n\t\t\t\t<\/div>\n\t\t\t\t\t<\/div>\n\t\t\t\t<\/div>\n\t\t<div class=\"elementor-element elementor-element-4c23016 e-flex e-con-boxed e-con e-parent\" data-id=\"4c23016\" data-element_type=\"container\" data-e-type=\"container\">\n\t\t\t\t\t<div class=\"e-con-inner\">\n\t\t\t\t<div class=\"elementor-element elementor-element-0dd92da elementor-widget elementor-widget-spacer\" data-id=\"0dd92da\" data-element_type=\"widget\" data-e-type=\"widget\" data-widget_type=\"spacer.default\">\n\t\t\t\t\t\t\t<div class=\"elementor-spacer\">\n\t\t\t<div class=\"elementor-spacer-inner\"><\/div>\n\t\t<\/div>\n\t\t\t\t\t\t<\/div>\n\t\t\t\t\t<\/div>\n\t\t\t\t<\/div>\n\t\t\t\t<\/div>\n\t\t","protected":false},"excerpt":{"rendered":"<p>GESTI\u00d3N OPERATIVA NODAL VALOR S.R.L Alquileres y soluciones operativas para la Industria Minera Brindamos infraestructura operativa en modalidad rental para proyectos de exploraci\u00f3n, construcci\u00f3n y producci\u00f3n minera, garantizando disponibilidad, seguridad y eficiencia. \u00bfQuienes somos? Somos una empresa especializada en servicios de apoyo a la producci\u00f3n minera, enfocada en proveer equipamiento y soporte operativo bajo est\u00e1ndares [&hellip;]<\/p>\n","protected":false},"author":1,"featured_media":0,"parent":0,"menu_order":0,"comment_status":"closed","ping_status":"closed","template":"","meta":{"footnotes":""},"class_list":["post-77","page","type-page","status-publish","hentry"],"_links":{"self":[{"href":"https:\/\/geonova.com.ar\/index.php?rest_route=\/wp\/v2\/pages\/77","targetHints":{"allow":["GET"]}}],"collection":[{"href":"https:\/\/geonova.com.ar\/index.php?rest_route=\/wp\/v2\/pages"}],"about":[{"href":"https:\/\/geonova.com.ar\/index.php?rest_route=\/wp\/v2\/types\/page"}],"author":[{"embeddable":true,"href":"https:\/\/geonova.com.ar\/index.php?rest_route=\/wp\/v2\/users\/1"}],"replies":[{"embeddable":true,"href":"https:\/\/geonova.com.ar\/index.php?rest_route=%2Fwp%2Fv2%2Fcomments&post=77"}],"version-history":[{"count":5,"href":"https:\/\/geonova.com.ar\/index.php?rest_route=\/wp\/v2\/pages\/77\/revisions"}],"predecessor-version":[{"id":622,"href":"https:\/\/geonova.com.ar\/index.php?rest_route=\/wp\/v2\/pages\/77\/revisions\/622"}],"wp:attachment":[{"href":"https:\/\/geonova.com.ar\/index.php?rest_route=%2Fwp%2Fv2%2Fmedia&parent=77"}],"curies":[{"name":"wp","href":"https:\/\/api.w.org\/{rel}","templated":true}]}}